{"id":15,"date":"2020-02-14T13:31:53","date_gmt":"2020-02-14T13:31:53","guid":{"rendered":"https:\/\/ariadnacolomer.es\/?page_id=15"},"modified":"2025-02-18T10:35:53","modified_gmt":"2025-02-18T10:35:53","slug":"biografia","status":"publish","type":"page","link":"https:\/\/ariadnacolomer.es\/ca\/biografia\/","title":{"rendered":"Biografia"},"content":{"rendered":"<div data-elementor-type=\"wp-page\" data-elementor-id=\"15\" class=\"elementor elementor-15\">\n\t\t\t\t\t\t<section class=\"elementor-section elementor-top-section elementor-element elementor-element-4be23bc elementor-section-boxed elementor-section-height-default elementor-section-height-default\" data-id=\"4be23bc\" data-element_type=\"section\" data-settings=\"{&quot;background_background&quot;:&quot;classic&quot;}\">\n\t\t\t\t\t\t<div class=\"elementor-container elementor-column-gap-default\">\n\t\t\t\t\t<div class=\"elementor-column elementor-col-100 elementor-top-column elementor-element elementor-element-8dbbdf0\" data-id=\"8dbbdf0\" data-element_type=\"column\">\n\t\t\t<div class=\"elementor-widget-wrap elementor-element-populated\">\n\t\t\t\t\t\t<div class=\"elementor-element elementor-element-67cc910 elementor-widget elementor-widget-image\" data-id=\"67cc910\" data-element_type=\"widget\" data-widget_type=\"image.default\">\n\t\t\t\t<div class=\"elementor-widget-container\">\n\t\t\t\t\t\t\t\t\t\t\t\t\t<img fetchpriority=\"high\" decoding=\"async\" width=\"800\" height=\"527\" src=\"https:\/\/ariadnacolomer.es\/wp-content\/uploads\/2025\/02\/Captura-de-pantalla-2025-02-03-a-les-9.02.33-1024x675.png\" class=\"attachment-large size-large wp-image-720\" alt=\"\" srcset=\"https:\/\/ariadnacolomer.es\/wp-content\/uploads\/2025\/02\/Captura-de-pantalla-2025-02-03-a-les-9.02.33-1024x675.png 1024w, https:\/\/ariadnacolomer.es\/wp-content\/uploads\/2025\/02\/Captura-de-pantalla-2025-02-03-a-les-9.02.33-300x198.png 300w, https:\/\/ariadnacolomer.es\/wp-content\/uploads\/2025\/02\/Captura-de-pantalla-2025-02-03-a-les-9.02.33-768x506.png 768w, https:\/\/ariadnacolomer.es\/wp-content\/uploads\/2025\/02\/Captura-de-pantalla-2025-02-03-a-les-9.02.33-1536x1013.png 1536w, https:\/\/ariadnacolomer.es\/wp-content\/uploads\/2025\/02\/Captura-de-pantalla-2025-02-03-a-les-9.02.33.png 2044w\" sizes=\"(max-width: 800px) 100vw, 800px\" \/>\t\t\t\t\t\t\t\t\t\t\t\t\t<\/div>\n\t\t\t\t<\/div>\n\t\t\t\t\t<\/div>\n\t\t<\/div>\n\t\t\t\t\t<\/div>\n\t\t<\/section>\n\t\t\t\t<section class=\"elementor-section elementor-top-section elementor-element elementor-element-7885d93 elementor-section-boxed elementor-section-height-default elementor-section-height-default\" data-id=\"7885d93\" data-element_type=\"section\" data-settings=\"{&quot;background_background&quot;:&quot;classic&quot;}\">\n\t\t\t\t\t\t<div class=\"elementor-container elementor-column-gap-default\">\n\t\t\t\t\t<div class=\"elementor-column elementor-col-100 elementor-top-column elementor-element elementor-element-aca68de\" data-id=\"aca68de\" data-element_type=\"column\">\n\t\t\t<div class=\"elementor-widget-wrap elementor-element-populated\">\n\t\t\t\t\t\t<div class=\"elementor-element elementor-element-7157d47 elementor-widget elementor-widget-heading\" data-id=\"7157d47\" data-element_type=\"widget\" data-widget_type=\"heading.default\">\n\t\t\t\t<div class=\"elementor-widget-container\">\n\t\t\t<h2 class=\"elementor-heading-title elementor-size-default\">Ser artista \u00e9s un viatge.<\/h2>\t\t<\/div>\n\t\t\t\t<\/div>\n\t\t\t\t\t<\/div>\n\t\t<\/div>\n\t\t\t\t\t<\/div>\n\t\t<\/section>\n\t\t\t\t<section class=\"elementor-section elementor-top-section elementor-element elementor-element-a374646 elementor-section-boxed elementor-section-height-default elementor-section-height-default\" data-id=\"a374646\" data-element_type=\"section\" data-settings=\"{&quot;background_background&quot;:&quot;classic&quot;}\">\n\t\t\t\t\t\t<div class=\"elementor-container elementor-column-gap-default\">\n\t\t\t\t\t<div class=\"elementor-column elementor-col-100 elementor-top-column elementor-element elementor-element-057de19\" data-id=\"057de19\" data-element_type=\"column\">\n\t\t\t<div class=\"elementor-widget-wrap elementor-element-populated\">\n\t\t\t\t\t\t<div class=\"elementor-element elementor-element-170f1b7 elementor-widget elementor-widget-text-editor\" data-id=\"170f1b7\" data-element_type=\"widget\" data-widget_type=\"text-editor.default\">\n\t\t\t\t<div class=\"elementor-widget-container\">\n\t\t\t\t\t\t\t<p>Vaig n\u00e9ixer a l&#039;Alt Empord\u00e0, a Girona, un lloc on la natura i el mar es fonen en un paisatge que sempre m&#039;ha inspirat. Des de ben petita, recordo que la meva imaginaci\u00f3 volava lluny, visualitzant-me sobre els escenaris, cantant i ballant, mentre el so de la m\u00fasica i l&#039;emoci\u00f3 de l&#039;art s&#039;apoderaven de mi. Als 4 o 5 anys, el meu oncle, pianistes de jazz, va dir als meus pares que tenia una gran o\u00efda per a la m\u00fasica, un comentari que va marcar el comen\u00e7ament de la meva carrera art\u00edstica.<\/p><p>Va ser als 8 anys quan vaig comen\u00e7ar a rebre classes de cant l\u00edric, una disciplina que em va ajudar a desenvolupar no nom\u00e9s la meva veu, sin\u00f3 tamb\u00e9 una connexi\u00f3 profunda amb la m\u00fasica en general. Des de llavors, la meva vida sempre va estar lligada a l&#039;art. A mesura que creixia, el meu inter\u00e8s pel teatre i la interpretaci\u00f3 es va intensificar. M&#039;encantava disfressar-me, posar-me a la pell d&#039;altres personatges i portar aquesta m\u00e0gia a l&#039;escenari. Durant els meus anys a l&#039;escola, vaig prendre classes de teatre, on em vaig entregar completament a cada actuaci\u00f3, sense importar com fos de petita o gran.<\/p><p>Amb 16 anys, vaig decidir endinsar-me al m\u00f3n de les arts m\u00e9s formalment, comen\u00e7ant el batxillerat d&#039;arts mentre continuava amb les meves classes de cant modern a Barcelona, un viatge que emprenia dos cops per setmana. Va ser un desafiament, per\u00f2 tamb\u00e9 un moment de molta emoci\u00f3, ja que la capital era un lloc nou per a mi. Quan tenia 18 anys, em vaig mudar a Barcelona oficialment per estudiar Art Dram\u00e0tic, especialitzant-me en teatre musical i m\u00fasica moderna, camps que vaig seguir combinant amb la meva formaci\u00f3 en interpretaci\u00f3 davant de la c\u00e0mera, interpretaci\u00f3 de text i dansa (incloent-hi jazz i claqu\u00e9). Al llarg dels anys, tamb\u00e9 em vaig formar com a especialista en cinema, tot aprenent sobre lluita esc\u00e8nica i el maneig d&#039;armes en escenes d&#039;acci\u00f3.<\/p><p>El m\u00f3n del doblatge tamb\u00e9 ha estat una part important de la meva carrera. Em vaig formar a les dues escoles m\u00e9s importants de Barcelona i vaig arribar a treballar-hi. El doblatge \u00e9s una altra manera de donar vida a hist\u00f2ries. Tot i aix\u00f2, la meva veritable passi\u00f3 segueix sent el cant, l&#039;actuaci\u00f3 i el teatre musical, on he tingut l&#039;oportunitat de submergir-me per complet en diverses produccions, tant com a actriu com a cantant.<\/p><p>El 2023, vaig emprendre un projecte personal de bandes sonores d&#039;anime amb un company compositor. Junts vam crear un espectacle que combinava m\u00fasica de quartet de corda i arpa, amb la meva veu com a protagonista. L\u00e8xit daquest projecte va ser una confirmaci\u00f3 que estava en el cam\u00ed correcte, i em va permetre explorar nous horitzons art\u00edstics.<\/p><p>A nivell cinematogr\u00e0fic, he tingut la sort de participar en alguns episodis de s\u00e8ries i he estat part de videoclips musicals, per\u00f2 sens dubte, la meva experi\u00e8ncia m\u00e9s gran l&#039;he viscuda sobre les taules del teatre, on el contacte amb el p\u00fablic i l&#039;emoci\u00f3 compartida han estat la meva font d&#039;inspiraci\u00f3 m\u00e9s gran.<\/p><p>Actualment, visc entre Se\u00fcl, Corea del Sud, i Barcelona, dues ciutats que, encara que distants, m&#039;han perm\u00e8s expandir la meva carrera i els meus horitzons art\u00edstics. Combinant treballs a les dues ciutats, m&#039;he adonat de com \u00e9s d&#039;important poder adaptar-se a diferents contextos culturals i continuar creixent com a artista en qualsevol rac\u00f3 del m\u00f3n. Viatjar i con\u00e8ixer nous llocs no nom\u00e9s alimenta la meva creativitat, sin\u00f3 que tamb\u00e9 em permet connectar-me amb diferents persones i maneres de veure la vida.<\/p><p>L&#039;art no t\u00e9 fronteres, i aix\u00f2 \u00e9s el que m&#039;inspira cada dia: la possibilitat de continuar creant i portant la meva veu i la meva interpretaci\u00f3 a qualsevol lloc del m\u00f3n. Sense importar el lloc ni l&#039;idioma, l&#039;\u00fanic que necessito \u00e9s un escenari, una hist\u00f2ria per explicar i un p\u00fablic disposat a somiar amb mi.<\/p>\t\t\t\t\t\t<\/div>\n\t\t\t\t<\/div>\n\t\t\t\t\t<\/div>\n\t\t<\/div>\n\t\t\t\t\t<\/div>\n\t\t<\/section>\n\t\t\t\t<\/div>","protected":false},"excerpt":{"rendered":"<p>Ser artista es un viaje. Nac\u00ed en el Alt Empord\u00e0, en Girona, un lugar donde la naturaleza y el mar se funden en un paisaje que siempre me ha inspirado. Desde muy peque\u00f1a, recuerdo que mi imaginaci\u00f3n volaba lejos, visualiz\u00e1ndome sobre los escenarios, cantando y bailando, mientras el sonido de la m\u00fasica y la emoci\u00f3n [&hellip;]<\/p>","protected":false},"author":1,"featured_media":0,"parent":0,"menu_order":0,"comment_status":"closed","ping_status":"closed","template":"elementor_header_footer","meta":{"footnotes":""},"_links":{"self":[{"href":"https:\/\/ariadnacolomer.es\/ca\/wp-json\/wp\/v2\/pages\/15"}],"collection":[{"href":"https:\/\/ariadnacolomer.es\/ca\/wp-json\/wp\/v2\/pages"}],"about":[{"href":"https:\/\/ariadnacolomer.es\/ca\/wp-json\/wp\/v2\/types\/page"}],"author":[{"embeddable":true,"href":"https:\/\/ariadnacolomer.es\/ca\/wp-json\/wp\/v2\/users\/1"}],"replies":[{"embeddable":true,"href":"https:\/\/ariadnacolomer.es\/ca\/wp-json\/wp\/v2\/comments?post=15"}],"version-history":[{"count":11,"href":"https:\/\/ariadnacolomer.es\/ca\/wp-json\/wp\/v2\/pages\/15\/revisions"}],"predecessor-version":[{"id":723,"href":"https:\/\/ariadnacolomer.es\/ca\/wp-json\/wp\/v2\/pages\/15\/revisions\/723"}],"wp:attachment":[{"href":"https:\/\/ariadnacolomer.es\/ca\/wp-json\/wp\/v2\/media?parent=15"}],"curies":[{"name":"wp","href":"https:\/\/api.w.org\/{rel}","templated":true}]}}