{"id":15,"date":"2020-02-14T13:31:53","date_gmt":"2020-02-14T13:31:53","guid":{"rendered":"https:\/\/ariadnacolomer.es\/?page_id=15"},"modified":"2025-02-18T10:35:53","modified_gmt":"2025-02-18T10:35:53","slug":"biografia","status":"publish","type":"page","link":"https:\/\/ariadnacolomer.es\/ko\/biografia\/","title":{"rendered":"\uc804\uae30"},"content":{"rendered":"<div data-elementor-type=\"wp-page\" data-elementor-id=\"15\" class=\"elementor elementor-15\">\n\t\t\t\t\t\t<section class=\"elementor-section elementor-top-section elementor-element elementor-element-4be23bc elementor-section-boxed elementor-section-height-default elementor-section-height-default\" data-id=\"4be23bc\" data-element_type=\"section\" data-settings=\"{&quot;background_background&quot;:&quot;classic&quot;}\">\n\t\t\t\t\t\t<div class=\"elementor-container elementor-column-gap-default\">\n\t\t\t\t\t<div class=\"elementor-column elementor-col-100 elementor-top-column elementor-element elementor-element-8dbbdf0\" data-id=\"8dbbdf0\" data-element_type=\"column\">\n\t\t\t<div class=\"elementor-widget-wrap elementor-element-populated\">\n\t\t\t\t\t\t<div class=\"elementor-element elementor-element-67cc910 elementor-widget elementor-widget-image\" data-id=\"67cc910\" data-element_type=\"widget\" data-widget_type=\"image.default\">\n\t\t\t\t<div class=\"elementor-widget-container\">\n\t\t\t\t\t\t\t\t\t\t\t\t\t<img fetchpriority=\"high\" decoding=\"async\" width=\"800\" height=\"527\" src=\"https:\/\/ariadnacolomer.es\/wp-content\/uploads\/2025\/02\/Captura-de-pantalla-2025-02-03-a-les-9.02.33-1024x675.png\" class=\"attachment-large size-large wp-image-720\" alt=\"\" srcset=\"https:\/\/ariadnacolomer.es\/wp-content\/uploads\/2025\/02\/Captura-de-pantalla-2025-02-03-a-les-9.02.33-1024x675.png 1024w, https:\/\/ariadnacolomer.es\/wp-content\/uploads\/2025\/02\/Captura-de-pantalla-2025-02-03-a-les-9.02.33-300x198.png 300w, https:\/\/ariadnacolomer.es\/wp-content\/uploads\/2025\/02\/Captura-de-pantalla-2025-02-03-a-les-9.02.33-768x506.png 768w, https:\/\/ariadnacolomer.es\/wp-content\/uploads\/2025\/02\/Captura-de-pantalla-2025-02-03-a-les-9.02.33-1536x1013.png 1536w, https:\/\/ariadnacolomer.es\/wp-content\/uploads\/2025\/02\/Captura-de-pantalla-2025-02-03-a-les-9.02.33.png 2044w\" sizes=\"(max-width: 800px) 100vw, 800px\" \/>\t\t\t\t\t\t\t\t\t\t\t\t\t<\/div>\n\t\t\t\t<\/div>\n\t\t\t\t\t<\/div>\n\t\t<\/div>\n\t\t\t\t\t<\/div>\n\t\t<\/section>\n\t\t\t\t<section class=\"elementor-section elementor-top-section elementor-element elementor-element-7885d93 elementor-section-boxed elementor-section-height-default elementor-section-height-default\" data-id=\"7885d93\" data-element_type=\"section\" data-settings=\"{&quot;background_background&quot;:&quot;classic&quot;}\">\n\t\t\t\t\t\t<div class=\"elementor-container elementor-column-gap-default\">\n\t\t\t\t\t<div class=\"elementor-column elementor-col-100 elementor-top-column elementor-element elementor-element-aca68de\" data-id=\"aca68de\" data-element_type=\"column\">\n\t\t\t<div class=\"elementor-widget-wrap elementor-element-populated\">\n\t\t\t\t\t\t<div class=\"elementor-element elementor-element-7157d47 elementor-widget elementor-widget-heading\" data-id=\"7157d47\" data-element_type=\"widget\" data-widget_type=\"heading.default\">\n\t\t\t\t<div class=\"elementor-widget-container\">\n\t\t\t<h2 class=\"elementor-heading-title elementor-size-default\">\uc608\uc220\uac00\ub294 \uc5ec\uc815\uc785\ub2c8\ub2e4.<\/h2>\t\t<\/div>\n\t\t\t\t<\/div>\n\t\t\t\t\t<\/div>\n\t\t<\/div>\n\t\t\t\t\t<\/div>\n\t\t<\/section>\n\t\t\t\t<section class=\"elementor-section elementor-top-section elementor-element elementor-element-a374646 elementor-section-boxed elementor-section-height-default elementor-section-height-default\" data-id=\"a374646\" data-element_type=\"section\" data-settings=\"{&quot;background_background&quot;:&quot;classic&quot;}\">\n\t\t\t\t\t\t<div class=\"elementor-container elementor-column-gap-default\">\n\t\t\t\t\t<div class=\"elementor-column elementor-col-100 elementor-top-column elementor-element elementor-element-057de19\" data-id=\"057de19\" data-element_type=\"column\">\n\t\t\t<div class=\"elementor-widget-wrap elementor-element-populated\">\n\t\t\t\t\t\t<div class=\"elementor-element elementor-element-170f1b7 elementor-widget elementor-widget-text-editor\" data-id=\"170f1b7\" data-element_type=\"widget\" data-widget_type=\"text-editor.default\">\n\t\t\t\t<div class=\"elementor-widget-container\">\n\t\t\t\t\t\t\t<p>\uc800\ub294 \uc9c0\ub85c\ub098\uc758 \uc54c\ud2b8 \uc5e0\ud3ec\ub974\ub2e4\uc5d0\uc11c \ud0dc\uc5b4\ub0ac\uc2b5\ub2c8\ub2e4. \uc774\uacf3\uc740 \uc790\uc5f0\uacfc \ubc14\ub2e4\uac00 \uc5b4\uc6b0\ub7ec\uc9c4 \ud48d\uacbd\uc774 \uc788\ub294 \uacf3\uc73c\ub85c, \ud56d\uc0c1 \uc800\uc5d0\uac8c \uc601\uac10\uc744 \uc8fc\ub294 \uacf3\uc785\ub2c8\ub2e4. \uc800\ub294 \uc544\uc8fc \uc5b4\ub838\uc744 \ub54c\ubd80\ud130 \uc0c1\uc0c1\ub825\uc774 \uba40\ub9ac \ub0a0\uc544\uac00 \ubb34\ub300\uc5d0 \uc11c\uc11c \ub178\ub798\ud558\uace0 \ucda4\ucd94\ub294 \ubaa8\uc2b5\uc744 \uadf8\ub824\ubcf4\uc558\uace0, \uc74c\uc545 \uc18c\ub9ac\uc640 \uc608\uc220\uc758 \uac10\uc815\uc774 \uc800\ub97c \uc0ac\ub85c\uc7a1\uc558\ub358 \uac78 \uae30\uc5b5\ud569\ub2c8\ub2e4. \uc81c\uac00 4~5\uc0b4 \ub54c\ucbe4, \uc7ac\uc988 \ud53c\uc544\ub2c8\uc2a4\ud2b8\uc778 \uc0bc\ucd0c\uc774 \ubd80\ubaa8\ub2d8\uaed8 \uc81c\uac00 \uc74c\uc545\uc801 \uac10\uac01\uc774 \ub6f0\uc5b4\ub098\ub2e4\uace0 \ub9d0\uc500\ud558\uc168\uace0, \uc774 \ub9d0\uc500\uc774 \uc81c \uc608\uc220\uc801 \uacbd\ub825\uc758 \uc2dc\uc791\uc774 \ub418\uc5c8\uc2b5\ub2c8\ub2e4.<\/p><p>\uc81c\uac00 \uac00\uc0ac \ub178\ub798 \uc218\uc5c5\uc744 \ubc1b\uae30 \uc2dc\uc791\ud55c \uac83\uc740 8\uc0b4 \ub54c\uc600\uc2b5\ub2c8\ub2e4. \uc774 \uc218\uc5c5\uc740 \uc81c \ubaa9\uc18c\ub9ac\ub97c \ud0a4\uc6b0\ub294 \ub370 \ub3c4\uc6c0\uc774 \ub418\uc5c8\uc744 \ubfd0\ub9cc \uc544\ub2c8\ub77c \uc74c\uc545 \uc804\ubc18\uc5d0 \ub300\ud55c \uae4a\uc740 \uc5f0\uacb0\uc744 \ud615\uc131\ud558\ub294 \ub370\ub3c4 \ub3c4\uc6c0\uc774 \ub418\uc5c8\uc2b5\ub2c8\ub2e4. \uadf8 \uc774\ud6c4\ub85c, \uc81c \uc0b6\uc740 \uc5b8\uc81c\ub098 \uc608\uc220\uacfc \uc5f0\uacb0\ub418\uc5b4 \uc788\uc5c8\uc2b5\ub2c8\ub2e4. \ub098\uc774\uac00 \ub4e4\uba74\uc11c \uc5f0\uadf9\uacfc \uc5f0\uae30\uc5d0 \ub300\ud55c \uad00\uc2ec\uc774 \ucee4\uc84c\uc2b5\ub2c8\ub2e4. \uc800\ub294 \uc637\ucc28\ub9bc\uc744 \uc88b\uc544\ud558\uace0, \ub2e4\ub978 \uce90\ub9ad\ud130\uc758 \uc785\uc7a5\uc5d0\uc11c \uc0dd\uac01\ud558\uace0 \uadf8 \ub9c8\ubc95\uc744 \ubb34\ub300\uc5d0 \uac00\uc838\uc624\ub294 \uac78 \uc88b\uc544\ud588\uc2b5\ub2c8\ub2e4. \ud559\uad50\uc5d0 \ub2e4\ub2c8\ub294 \ub3d9\uc548 \uc5f0\uadf9 \uc218\uc5c5\uc744 \ub4e4\uc5c8\ub294\ub370, \uacf5\uc5f0\uc758 \ud06c\uae30\uc5d0 \uc0c1\uad00\uc5c6\uc774 \ubaa8\ub4e0 \uacf5\uc5f0\uc5d0 \uc628\uc804\ud788 \ud5cc\uc2e0\ud588\uc2b5\ub2c8\ub2e4.<\/p><p>16\uc138\uc5d0 \uc800\ub294 \uc608\uc220\uacc4\uc5d0 \uc815\uc2dd\uc73c\ub85c \uc785\ubb38\ud558\uae30\ub85c \uacb0\uc2ec\ud558\uace0 \uc608\uc220 \ud559\uc0ac \ud559\uc704\ub97c \ucde8\ub4dd\ud558\uba74\uc11c \ubc14\ub974\uc140\ub85c\ub098\uc5d0\uc11c \ud604\ub300 \uc131\uc545 \uc218\uc5c5\uc744 \uacc4\uc18d \uc218\uac15\ud588\uc2b5\ub2c8\ub2e4. \uc77c\uc8fc\uc77c\uc5d0 \ub450 \ubc88\uc529 \ubc14\ub974\uc140\ub85c\ub098\ub97c \ubc29\ubb38\ud588\uc2b5\ub2c8\ub2e4. \ub3c4\uc804\uc774\uae30\ub3c4 \ud588\uc9c0\ub9cc, \uc218\ub3c4\uac00 \uc800\uc5d0\uac8c\ub294 \uc0c8\ub85c\uc6b4 \uacf3\uc774\uc5b4\uc11c \ub9e4\uc6b0 \uc124\ub818 \uac00\ub4dd\ud55c \uc2dc\uac04\uc774\uae30\ub3c4 \ud588\uc2b5\ub2c8\ub2e4. 18\uc0b4 \ub54c \uc800\ub294 \ubba4\uc9c0\uceec\uacfc \ud604\ub300 \uc74c\uc545\uc744 \uc804\ubb38\uc73c\ub85c \ud558\ub294 \uc5f0\uadf9 \uc608\uc220\uc744 \uacf5\ubd80\ud558\uae30 \uc704\ud574 \uacf5\uc2dd\uc801\uc73c\ub85c \ubc14\ub974\uc140\ub85c\ub098\ub85c \uc774\uc0ac\ud588\uace0, \uc774 \ubd84\uc57c\ub4e4\uc744 \uce74\uba54\ub77c \uc55e \uc5f0\uae30, \ub300\uc0ac \ud574\uc11d, \ub304\uc2a4(\uc7ac\uc988\uc640 \ud0ed \ub304\uc2a4 \ud3ec\ud568) \ud6c8\ub828\uacfc \uacb0\ud569\ud588\uc2b5\ub2c8\ub2e4. \uc218\ub144\uc5d0 \uac78\uccd0 \uc800\ub294 \uc2a4\ud134\ud2b8\ub9e8\uc73c\ub85c\uc11c\uc758 \ud6c8\ub828\ub3c4 \ubc1b\uc558\uace0, \ubb34\ub300\uc5d0\uc11c\uc758 \uaca9\ud22c \uae30\uc220\uacfc \uc561\uc158 \uc7a5\uba74\uc5d0\uc11c\uc758 \ubb34\uae30 \ucde8\uae09 \uae30\uc220\uc744 \ubc30\uc6e0\uc2b5\ub2c8\ub2e4.<\/p><p>\ub354\ube59\uc758 \uc138\uacc4 \uc5ed\uc2dc \ub0b4 \uacbd\ub825\uc5d0 \uc788\uc5b4\uc11c \uc911\uc694\ud55c \ubd80\ubd84\uc774\uc5c8\uc2b5\ub2c8\ub2e4. \uc800\ub294 \ubc14\ub974\uc140\ub85c\ub098\uc5d0\uc11c \uac00\uc7a5 \uc911\uc694\ud55c \ub450 \ud559\uad50\uc5d0\uc11c \uad50\uc721\uc744 \ubc1b\uace0 \uacb0\uad6d \uadf8\uacf3\uc5d0\uc11c \uc77c\ud558\uac8c \ub418\uc5c8\uc2b5\ub2c8\ub2e4. \ub354\ube59\uc740 \uc774\uc57c\uae30\uc5d0 \uc0dd\uba85\ub825\uc744 \ubd88\uc5b4\ub123\ub294 \ub610 \ub2e4\ub978 \ubc29\ubc95\uc785\ub2c8\ub2e4. \uadf8\ub7ec\ub098 \uc81c\uac00 \uc9c4\uc815\uc73c\ub85c \uc5f4\uc815\uc744 \uac00\uc9c4 \uac83\uc740 \ub178\ub798, \uc5f0\uae30, \ubba4\uc9c0\uceec\uc785\ub2c8\ub2e4. \uc800\ub294 \ubc30\uc6b0\uc640 \uac00\uc218\ub85c\uc11c \uc5ec\ub7ec \uc791\ud488\uc5d0 \uc628\uc804\ud788 \ubab0\uc785\ud560 \uc218 \uc788\ub294 \uae30\ud68c\ub97c \uc5bb\uc5c8\uc2b5\ub2c8\ub2e4.<\/p><p>2023\ub144\uc5d0\ub294 \uc791\uace1\uac00 \ub3d9\ub8cc\uc640 \ud568\uaed8 \uac1c\uc778 \uc560\ub2c8\uba54\uc774\uc158 \uc0ac\uc6b4\ub4dc\ud2b8\ub799 \ud504\ub85c\uc81d\ud2b8\ub97c \uc2dc\uc791\ud588\uc2b5\ub2c8\ub2e4. \uc800\ud76c\ub294 \ud604\uc545 4\uc911\uc8fc\uc640 \ud558\ud504 \uc74c\uc545\uc744 \uacb0\ud569\ud55c \uc1fc\ub97c \ud568\uaed8 \ub9cc\ub4e4\uc5c8\uace0, \uc81c \ubaa9\uc18c\ub9ac\uac00 \uc8fc\uc778\uacf5\uc774 \ub418\uc5c8\uc2b5\ub2c8\ub2e4. \uc774 \ud504\ub85c\uc81d\ud2b8\uc758 \uc131\uacf5\uc740 \ub0b4\uac00 \uc62c\ubc14\ub978 \uae38\uc744 \uac00\uace0 \uc788\ub2e4\ub294 \ud655\uc2e0\uc744 \uc8fc\uc5c8\uace0, \uc0c8\ub85c\uc6b4 \uc608\uc220\uc801 \uc9c0\ud3c9\uc744 \ud0d0\uad6c\ud560 \uc218 \uc788\ub294 \uae30\ud68c\ub97c \uc81c\uacf5\ud588\uc2b5\ub2c8\ub2e4.<\/p><p>\uc601\ud654\uc5d0 \uad00\ud574\uc11c \ub9d0\ud558\uc790\uba74, \uc800\ub294 \uba87\uba87 \ub4dc\ub77c\ub9c8 \uc5d0\ud53c\uc18c\ub4dc\uc5d0 \ucc38\uc5ec\ud560 \uc218 \uc788\ub294 \ud589\uc6b4\uc744 \ub204\ub838\uace0 \ubba4\uc9c1\ube44\ub514\uc624\uc5d0\ub3c4 \ucd9c\uc5f0\ud588\uc2b5\ub2c8\ub2e4. \ud558\uc9c0\ub9cc \uc758\uc2ec\ud560 \uc5ec\uc9c0 \uc5c6\uc774 \uc81c\uac8c \uac00\uc7a5 \ud070 \uacbd\ud5d8\uc740 \uc5f0\uadf9 \ubb34\ub300\uc600\uc2b5\ub2c8\ub2e4. \uadf8\uacf3\uc5d0\uc11c \ub300\uc911\uacfc \uc18c\ud1b5\ud558\uace0 \uac10\uc815\uc744 \uacf5\uc720\ud558\ub294 \uac83\uc774 \uc81c\uac8c \uac00\uc7a5 \ud070 \uc601\uac10\uc758 \uc6d0\ucc9c\uc774\uc5c8\uc2b5\ub2c8\ub2e4.<\/p><p>\ud604\uc7ac \uc800\ub294 \uc11c\uc6b8\uacfc \ubc14\ub974\uc140\ub85c\ub098\ub97c \uc624\uac00\uba70 \uc0b4\uace0 \uc788\uc2b5\ub2c8\ub2e4. \ub450 \ub3c4\uc2dc\ub294 \uba40\ub9ac \ub5a8\uc5b4\uc838 \uc788\uc9c0\ub9cc, \uc81c \uacbd\ub825\uacfc \uc608\uc220\uc801 \uc9c0\ud3c9\uc744 \ub113\ud790 \uc218 \uc788\ub294 \uae30\ud68c\uac00 \ub418\uc5c8\uc2b5\ub2c8\ub2e4. \ub450 \ub3c4\uc2dc\uc5d0\uc11c \ubaa8\ub450 \uc791\uc5c5\ud558\uba74\uc11c, \uc800\ub294 \ub2e4\uc591\ud55c \ubb38\ud654\uc801 \ub9e5\ub77d\uc5d0 \uc801\uc751\ud558\uace0 \uc138\uacc4 \uc5b4\ub290 \uacf3\uc5d0\uc11c\ub4e0 \uc608\uc220\uac00\ub85c\uc11c \uacc4\uc18d \uc131\uc7a5\ud558\ub294 \uac83\uc774 \uc5bc\ub9c8\ub098 \uc911\uc694\ud55c\uc9c0 \uae68\ub2ec\uc558\uc2b5\ub2c8\ub2e4. \uc5ec\ud589\uc744 \ud558\uba70 \uc0c8\ub85c\uc6b4 \uacf3\uc744 \ubcf4\ub294 \uac83\uc740 \ub098\uc758 \ucc3d\uc758\uc131\uc744 \ubd81\ub3cb\uc6b8 \ubfd0\ub9cc \uc544\ub2c8\ub77c, \ub2e4\ub978 \uc0ac\ub78c\ub4e4\uacfc \uc18c\ud1b5\ud558\uace0 \uc0b6\uc744 \ubc14\ub77c\ubcf4\ub294 \ubc29\uc2dd\uc744 \uc54c\uac8c \ud574\uc90d\ub2c8\ub2e4.<\/p><p>\uc608\uc220\uc5d0\ub294 \uad6d\uacbd\uc774 \uc5c6\uc2b5\ub2c8\ub2e4. \ubc14\ub85c \uc774 \uc810\uc774 \uc800\uc5d0\uac8c \ub9e4\uc77c \uc601\uac10\uc744 \uc8fc\ub294 \uac83\uc785\ub2c8\ub2e4. \uc989, \uacc4\uc18d\ud574\uc11c \ucc3d\uc791\ud560 \uc218 \uc788\ub294 \uac00\ub2a5\uc131, \uadf8\ub9ac\uace0 \uc81c \ubaa9\uc18c\ub9ac\uc640 \ud574\uc11d\uc744 \uc138\uacc4 \uc5b4\ub290 \uacf3\uc5d0\uc11c\ub098 \uc804\ud560 \uc218 \uc788\ub294 \uac00\ub2a5\uc131\uc785\ub2c8\ub2e4. \uc7a5\uc18c\ub098 \uc5b8\uc5b4\uac00 \uc5b4\ub5bb\ub4e0, \ub0b4\uac8c \ud544\uc694\ud55c \uac74 \ubb34\ub300\uc640 \ub4e4\ub824\uc904 \uc774\uc57c\uae30, \uadf8\ub9ac\uace0 \ub098\uc640 \ud568\uaed8 \uafc8\uc744 \uafb8\ub824\ub294 \uccad\uc911\ubfd0\uc785\ub2c8\ub2e4.<\/p>\t\t\t\t\t\t<\/div>\n\t\t\t\t<\/div>\n\t\t\t\t\t<\/div>\n\t\t<\/div>\n\t\t\t\t\t<\/div>\n\t\t<\/section>\n\t\t\t\t<\/div>","protected":false},"excerpt":{"rendered":"<p>Ser artista es un viaje. Nac\u00ed en el Alt Empord\u00e0, en Girona, un lugar donde la naturaleza y el mar se funden en un paisaje que siempre me ha inspirado. Desde muy peque\u00f1a, recuerdo que mi imaginaci\u00f3n volaba lejos, visualiz\u00e1ndome sobre los escenarios, cantando y bailando, mientras el sonido de la m\u00fasica y la emoci\u00f3n [&hellip;]<\/p>","protected":false},"author":1,"featured_media":0,"parent":0,"menu_order":0,"comment_status":"closed","ping_status":"closed","template":"elementor_header_footer","meta":{"footnotes":""},"_links":{"self":[{"href":"https:\/\/ariadnacolomer.es\/ko\/wp-json\/wp\/v2\/pages\/15"}],"collection":[{"href":"https:\/\/ariadnacolomer.es\/ko\/wp-json\/wp\/v2\/pages"}],"about":[{"href":"https:\/\/ariadnacolomer.es\/ko\/wp-json\/wp\/v2\/types\/page"}],"author":[{"embeddable":true,"href":"https:\/\/ariadnacolomer.es\/ko\/wp-json\/wp\/v2\/users\/1"}],"replies":[{"embeddable":true,"href":"https:\/\/ariadnacolomer.es\/ko\/wp-json\/wp\/v2\/comments?post=15"}],"version-history":[{"count":11,"href":"https:\/\/ariadnacolomer.es\/ko\/wp-json\/wp\/v2\/pages\/15\/revisions"}],"predecessor-version":[{"id":723,"href":"https:\/\/ariadnacolomer.es\/ko\/wp-json\/wp\/v2\/pages\/15\/revisions\/723"}],"wp:attachment":[{"href":"https:\/\/ariadnacolomer.es\/ko\/wp-json\/wp\/v2\/media?parent=15"}],"curies":[{"name":"wp","href":"https:\/\/api.w.org\/{rel}","templated":true}]}}